{"id":4476,"date":"2023-03-29T14:14:09","date_gmt":"2023-03-29T20:14:09","guid":{"rendered":"http:\/\/wptodoo.azurewebsites.net\/?page_id=4476"},"modified":"2023-05-19T13:45:12","modified_gmt":"2023-05-19T19:45:12","slug":"soporte","status":"publish","type":"page","link":"http:\/\/wptodoo.azurewebsites.net\/index.php\/soporte\/","title":{"rendered":"Soporte"},"content":{"rendered":"\t\t<div data-elementor-type=\"wp-page\" data-elementor-id=\"4476\" class=\"elementor elementor-4476\">\n\t\t\t\t\t\t\t\t\t<section class=\"elementor-section elementor-top-section elementor-element elementor-element-273d1e8 elementor-section-boxed elementor-section-height-default elementor-section-height-default\" data-id=\"273d1e8\" data-element_type=\"section\">\n\t\t\t\t\t\t<div class=\"elementor-container elementor-column-gap-default\">\n\t\t\t\t\t<div class=\"elementor-column elementor-col-100 elementor-top-column elementor-element elementor-element-2b5df9f\" data-id=\"2b5df9f\" data-element_type=\"column\">\n\t\t\t<div class=\"elementor-widget-wrap elementor-element-populated\">\n\t\t\t\t\t\t\t\t<div class=\"elementor-element elementor-element-96eb2a9 elementor-widget__width-inherit elementor-widget elementor-widget-appkupricing\" data-id=\"96eb2a9\" data-element_type=\"widget\" data-widget_type=\"appkupricing.default\">\n\t\t\t\t<div class=\"elementor-widget-container\">\n\t\t\t<!------------------------------- Pricing Area start -------------------------------><div class=\"pricing-area\"><div class=\"container\"><div class=\"row\"><div class=\"col-lg-8 offset-lg-2\"><div class=\"site-heading text-light text-center\"><h2>Nuestros Planes de precios flexibles<\/h2><div class=\"devider\"><\/div><p>Elige el plan que mejor se adapte a tu empresa. Estamos siempre disponibles para apoyarte.<\/p><\/div><\/div><\/div><\/div><div class=\"container\"><div class=\"pricing-items\"><div class=\"row pricing-carousel owl-carousel owl-theme\" data-slide-show=\"3\" data-lg-slide-show=\"3\" data-md-slide-show=\"3\" data-sm-slide-show=\"1\"><!-- Single Item --><div class=\"single-item\"><div class=\"pricing-item\"><i class=\"fas fa-rocket\"><\/i><div class=\"pricing-header\"><h4>Start Pack<\/h4><\/div><div class=\"price\"><h2><sup>Q<\/sup>4,500 <sub>\/ Mensual<\/sub><\/h2><\/div><a  href=\"https:\/\/wa.link\/p4g5uz\" class=\"btn circle btn-theme effect btn-md\">Comprar Plan<\/a><ul><li>1DB (empresa Odoo)<\/li><li>Agrega SAFE ODOO<\/li><li>+Q1,500\/Mess<\/li><\/ul><\/div><\/div><!-- End Single Itme --><!-- Single Item --><div class=\"single-item\"><div class=\"pricing-item\"><i class=\"fas fa-gem\"><\/i><div class=\"pricing-header\"><h4>Small Pack<\/h4><\/div><div class=\"price\"><h2><sup>Q<\/sup>6,500 <sub>\/ Mensual<\/sub><\/h2><\/div><a  href=\"https:\/\/wa.link\/20h7y6\" class=\"btn circle btn-theme effect btn-md\">Comprar Plan<\/a><ul><li>1DB (empresa Odoo)<\/li><li>Agrega SAFE ODOO<\/li><li>+Q2,000\/Mess<\/li><\/ul><\/div><\/div><!-- End Single Itme --><!-- Single Item --><div class=\"single-item\"><div class=\"pricing-item\"><i class=\"fa fa-chart-pie\"><\/i><div class=\"pricing-header\"><h4>Enter Pack<\/h4><\/div><div class=\"price\"><h2><sup>Q<\/sup>12,500 <sub>\/ Mensual<\/sub><\/h2><\/div><a  href=\"https:\/\/wa.link\/ubljmc\" class=\"btn circle btn-theme effect btn-md\">Comprar Plan<\/a><ul><li>1DB (empresa Odoo)<\/li><li>101-250 usuarios<\/li><li>Agrega SAFE ODOO<\/li><li>+Q3,500\/Mess<\/li><\/ul><\/div><\/div><!-- End Single Itme --><\/div><\/div><\/div><\/div><!--------------------------------- Pricing Area end --------------------------------->\t\t<\/div>\n\t\t\t\t<\/div>\n\t\t\t\t\t<\/div>\n\t\t<\/div>\n\t\t\t\t\t\t\t<\/div>\n\t\t<\/section>\n\t\t\t\t<section class=\"elementor-section elementor-top-section elementor-element elementor-element-1a416bb elementor-section-stretched elementor-section-boxed elementor-section-height-default elementor-section-height-default\" data-id=\"1a416bb\" data-element_type=\"section\" data-settings=\"{&quot;stretch_section&quot;:&quot;section-stretched&quot;}\">\n\t\t\t\t\t\t<div class=\"elementor-container elementor-column-gap-custom\">\n\t\t\t\t\t<div class=\"elementor-column elementor-col-100 elementor-top-column elementor-element elementor-element-ea3382d\" data-id=\"ea3382d\" data-element_type=\"column\">\n\t\t\t<div class=\"elementor-widget-wrap elementor-element-populated\">\n\t\t\t\t\t\t\t\t<div class=\"elementor-element elementor-element-7b0dfd8 elementor-widget elementor-widget-appkufeatures\" data-id=\"7b0dfd8\" data-element_type=\"widget\" data-widget_type=\"appkufeatures.default\">\n\t\t\t\t<div class=\"elementor-widget-container\">\n\t\t\t<!------------------------------- Features Area start -------------------------------><div class=\"advanced-features-area\"><div class=\"container\"><div class=\"row\"><div class=\"col-lg-8 offset-lg-2\"><div class=\"site-heading text-light text-center\"><h2>Una aplicaci\u00f3n para cada necesidad<\/h2><div class=\"devider\"><\/div><p>No volver\u00e1s a necesitar otro software u otra integraci\u00f3n distinta a esta.<\/p><\/div><\/div><\/div><\/div><div class=\"container-fill\"><div class=\"af-items\"><div class=\"row\"><div class=\"single-item col-lg-4 col-md-6\"><div class=\"item\"><div class=\"icon\"><i class=\"flaticon-website\"><\/i><\/div><div class=\"info\"><h4>Totalmente personalizable<\/h4><p>Odoo es totalmente personalizable debido a su arquitectura modular, lo que permite agregar o quitar funcionalidades, personalizar la apariencia y crear m\u00f3dulos personalizados seg\u00fan las necesidades espec\u00edficas de cada empresa.<\/p><\/div><\/div><\/div><div class=\"single-item col-lg-4 col-md-6\"><div class=\"item\"><div class=\"icon\"><i class=\"flaticon-integration\"><\/i><\/div><div class=\"info\"><h4><a href=\"https:\/\/validthemes.tech\/themeforest\/wordpress\/appku\/strong-encryption\/\">Integraci\u00f3n de aplicaciones<\/a><\/h4><p>Odoo ofrece una amplia gama de integraciones que permiten a las empresas conectar su soluci\u00f3n de gesti\u00f3n empresarial con otras aplicaciones y servicios, como la facturaci\u00f3n electr\u00f3nica, la gesti\u00f3n de proyectos, la log\u00edstica y el marketing. <\/p><\/div><\/div><\/div><div class=\"single-item col-lg-4 col-md-6\"><div class=\"item\"><div class=\"icon\"><i class=\"flaticon-resolution-1\"><\/i><\/div><div class=\"info\"><h4><a href=\"https:\/\/validthemes.tech\/themeforest\/wordpress\/appku\/strong-encryption\/\">Experiencia de usuario<\/a><\/h4><p>Odoo ofrece una interfaz de usuario intuitiva con dise\u00f1o moderno y herramientas de personalizaci\u00f3n para una experiencia de usuario eficiente y productiva al navegar, acceder, visualizar y analizar informaci\u00f3n empresarial en tiempo real en sus diferentes aplicaciones.<\/p><\/div><\/div><\/div><\/div><\/div><\/div><\/div><!--------------------------------- Features Area end --------------------------------->\t\t<\/div>\n\t\t\t\t<\/div>\n\t\t\t\t\t<\/div>\n\t\t<\/div>\n\t\t\t\t\t\t\t<\/div>\n\t\t<\/section>\n\t\t\t\t<section class=\"elementor-section elementor-top-section elementor-element elementor-element-fca2d5b elementor-section-stretched elementor-section-boxed elementor-section-height-default elementor-section-height-default\" data-id=\"fca2d5b\" data-element_type=\"section\" data-settings=\"{&quot;stretch_section&quot;:&quot;section-stretched&quot;,&quot;background_background&quot;:&quot;classic&quot;}\">\n\t\t\t\t\t\t<div class=\"elementor-container elementor-column-gap-custom\">\n\t\t\t\t\t<div class=\"elementor-column elementor-col-100 elementor-top-column elementor-element elementor-element-427078b\" data-id=\"427078b\" data-element_type=\"column\">\n\t\t\t<div class=\"elementor-widget-wrap elementor-element-populated\">\n\t\t\t\t\t\t\t\t<div class=\"elementor-element elementor-element-8633f35 elementor-widget elementor-widget-heading\" data-id=\"8633f35\" data-element_type=\"widget\" data-widget_type=\"heading.default\">\n\t\t\t\t<div class=\"elementor-widget-container\">\n\t\t\t<style>\/*! elementor - v3.11.1 - 15-02-2023 *\/\n.elementor-heading-title{padding:0;margin:0;line-height:1}.elementor-widget-heading .elementor-heading-title[class*=elementor-size-]>a{color:inherit;font-size:inherit;line-height:inherit}.elementor-widget-heading .elementor-heading-title.elementor-size-small{font-size:15px}.elementor-widget-heading .elementor-heading-title.elementor-size-medium{font-size:19px}.elementor-widget-heading .elementor-heading-title.elementor-size-large{font-size:29px}.elementor-widget-heading .elementor-heading-title.elementor-size-xl{font-size:39px}.elementor-widget-heading .elementor-heading-title.elementor-size-xxl{font-size:59px}<\/style><h2 class=\"elementor-heading-title elementor-size-default\">CONSULTOR\u00cdAS A LA MEDIDA<\/h2>\t\t<\/div>\n\t\t\t\t<\/div>\n\t\t\t\t<div class=\"elementor-element elementor-element-f1d4066 elementor-widget elementor-widget-heading\" data-id=\"f1d4066\" data-element_type=\"widget\" data-widget_type=\"heading.default\">\n\t\t\t\t<div class=\"elementor-widget-container\">\n\t\t\t<h1 class=\"elementor-heading-title elementor-size-xxl\">Servicio y soporte integral para empresas<\/h1>\t\t<\/div>\n\t\t\t\t<\/div>\n\t\t\t\t<div class=\"elementor-element elementor-element-980eedd elementor-align-center elementor-widget elementor-widget-button\" data-id=\"980eedd\" data-element_type=\"widget\" data-widget_type=\"button.default\">\n\t\t\t\t<div class=\"elementor-widget-container\">\n\t\t\t\t\t<div class=\"elementor-button-wrapper\">\n\t\t\t<a href=\"https:\/\/wa.link\/a4jq5h\" class=\"elementor-button-link elementor-button elementor-size-sm\" role=\"button\">\n\t\t\t\t\t\t<span class=\"elementor-button-content-wrapper\">\n\t\t\t\t\t\t<span class=\"elementor-button-text\">SOLICITAR DEMO<\/span>\n\t\t<\/span>\n\t\t\t\t\t<\/a>\n\t\t<\/div>\n\t\t\t\t<\/div>\n\t\t\t\t<\/div>\n\t\t\t\t\t<\/div>\n\t\t<\/div>\n\t\t\t\t\t\t\t<\/div>\n\t\t<\/section>\n\t\t\t\t\t\t\t<\/div>\n\t\t","protected":false},"excerpt":{"rendered":"<p>Nuestros Planes de precios flexibles Elige el plan que mejor se adapte a tu empresa. Estamos siempre disponibles para apoyarte. Start Pack Q4,500 \/ Mensual Comprar Plan 1DB (empresa Odoo) Agrega SAFE ODOO +Q1,500\/Mess Small Pack Q6,500 \/ Mensual Comprar Plan 1DB (empresa Odoo) Agrega SAFE ODOO +Q2,000\/Mess Enter Pack Q12,500 \/ Mensual Comprar Plan&#8230;<\/p>\n","protected":false},"author":2,"featured_media":3522,"parent":0,"menu_order":0,"comment_status":"closed","ping_status":"closed","template":"","meta":{"footnotes":""},"class_list":["post-4476","page","type-page","status-publish","has-post-thumbnail","hentry"],"acf":[],"_links":{"self":[{"href":"http:\/\/wptodoo.azurewebsites.net\/index.php\/wp-json\/wp\/v2\/pages\/4476","targetHints":{"allow":["GET"]}}],"collection":[{"href":"http:\/\/wptodoo.azurewebsites.net\/index.php\/wp-json\/wp\/v2\/pages"}],"about":[{"href":"http:\/\/wptodoo.azurewebsites.net\/index.php\/wp-json\/wp\/v2\/types\/page"}],"author":[{"embeddable":true,"href":"http:\/\/wptodoo.azurewebsites.net\/index.php\/wp-json\/wp\/v2\/users\/2"}],"replies":[{"embeddable":true,"href":"http:\/\/wptodoo.azurewebsites.net\/index.php\/wp-json\/wp\/v2\/comments?post=4476"}],"version-history":[{"count":20,"href":"http:\/\/wptodoo.azurewebsites.net\/index.php\/wp-json\/wp\/v2\/pages\/4476\/revisions"}],"predecessor-version":[{"id":4739,"href":"http:\/\/wptodoo.azurewebsites.net\/index.php\/wp-json\/wp\/v2\/pages\/4476\/revisions\/4739"}],"wp:featuredmedia":[{"embeddable":true,"href":"http:\/\/wptodoo.azurewebsites.net\/index.php\/wp-json\/wp\/v2\/media\/3522"}],"wp:attachment":[{"href":"http:\/\/wptodoo.azurewebsites.net\/index.php\/wp-json\/wp\/v2\/media?parent=4476"}],"curies":[{"name":"wp","href":"https:\/\/api.w.org\/{rel}","templated":true}]}}