{"id":4480,"date":"2023-03-29T14:21:02","date_gmt":"2023-03-29T20:21:02","guid":{"rendered":"http:\/\/wptodoo.azurewebsites.net\/?page_id=4480"},"modified":"2023-05-19T13:44:21","modified_gmt":"2023-05-19T19:44:21","slug":"consultorias","status":"publish","type":"page","link":"http:\/\/wptodoo.azurewebsites.net\/index.php\/consultorias\/","title":{"rendered":"Consultor\u00edas"},"content":{"rendered":"\t\t<div data-elementor-type=\"wp-page\" data-elementor-id=\"4480\" class=\"elementor elementor-4480\">\n\t\t\t\t\t\t\t\t\t<section class=\"elementor-section elementor-top-section elementor-element elementor-element-ec8216b elementor-section-boxed elementor-section-height-default elementor-section-height-default\" data-id=\"ec8216b\" data-element_type=\"section\">\n\t\t\t\t\t\t<div class=\"elementor-container elementor-column-gap-default\">\n\t\t\t\t\t<div class=\"elementor-column elementor-col-100 elementor-top-column elementor-element elementor-element-ed10b03\" data-id=\"ed10b03\" data-element_type=\"column\">\n\t\t\t<div class=\"elementor-widget-wrap\">\n\t\t\t\t\t\t\t\t\t<\/div>\n\t\t<\/div>\n\t\t\t\t\t\t\t<\/div>\n\t\t<\/section>\n\t\t\t\t<section class=\"elementor-section elementor-top-section elementor-element elementor-element-5f849f9 elementor-section-full_width elementor-section-stretched elementor-section-height-default elementor-section-height-default\" data-id=\"5f849f9\" data-element_type=\"section\" data-settings=\"{&quot;stretch_section&quot;:&quot;section-stretched&quot;}\">\n\t\t\t\t\t\t<div class=\"elementor-container elementor-column-gap-custom\">\n\t\t\t\t\t<div class=\"elementor-column elementor-col-100 elementor-top-column elementor-element elementor-element-44f39ef\" data-id=\"44f39ef\" data-element_type=\"column\">\n\t\t\t<div class=\"elementor-widget-wrap elementor-element-populated\">\n\t\t\t\t\t\t\t\t<div class=\"elementor-element elementor-element-00c2da4 elementor-widget elementor-widget-appkufeatures\" data-id=\"00c2da4\" data-element_type=\"widget\" data-widget_type=\"appkufeatures.default\">\n\t\t\t\t<div class=\"elementor-widget-container\">\n\t\t\t<!------------------------------- Features Area start -------------------------------><div class=\"advanced-features-area\"><div class=\"container\"><div class=\"row\"><div class=\"col-lg-8 offset-lg-2\"><div class=\"site-heading text-light text-center\"><h2>Una aplicaci\u00f3n para cada necesidad<\/h2><div class=\"devider\"><\/div><p>No volver\u00e1s a necesitar otro software u otra integraci\u00f3n distinta a esta.<\/p><\/div><\/div><\/div><\/div><div class=\"container-fill\"><div class=\"af-items\"><div class=\"row\"><div class=\"single-item col-lg-4 col-md-6\"><div class=\"item\"><div class=\"icon\"><i class=\"flaticon-website\"><\/i><\/div><div class=\"info\"><h4>Totalmente personalizable<\/h4><p>Odoo es totalmente personalizable debido a su arquitectura modular, lo que permite agregar o quitar funcionalidades, personalizar la apariencia y crear m\u00f3dulos personalizados seg\u00fan las necesidades espec\u00edficas de cada empresa.<\/p><\/div><\/div><\/div><div class=\"single-item col-lg-4 col-md-6\"><div class=\"item\"><div class=\"icon\"><i class=\"flaticon-integration\"><\/i><\/div><div class=\"info\"><h4><a href=\"https:\/\/validthemes.tech\/themeforest\/wordpress\/appku\/strong-encryption\/\">Integraci\u00f3n de aplicaciones<\/a><\/h4><p>Odoo ofrece una amplia gama de integraciones que permiten a las empresas conectar su soluci\u00f3n de gesti\u00f3n empresarial con otras aplicaciones y servicios, como la facturaci\u00f3n electr\u00f3nica, la gesti\u00f3n de proyectos, la log\u00edstica y el marketing. <\/p><\/div><\/div><\/div><div class=\"single-item col-lg-4 col-md-6\"><div class=\"item\"><div class=\"icon\"><i class=\"flaticon-resolution-1\"><\/i><\/div><div class=\"info\"><h4><a href=\"https:\/\/validthemes.tech\/themeforest\/wordpress\/appku\/strong-encryption\/\">Experiencia de usuario<\/a><\/h4><p>Odoo ofrece una interfaz de usuario intuitiva con dise\u00f1o moderno y herramientas de personalizaci\u00f3n para una experiencia de usuario eficiente y productiva al navegar, acceder, visualizar y analizar informaci\u00f3n empresarial en tiempo real en sus diferentes aplicaciones.<\/p><\/div><\/div><\/div><\/div><\/div><\/div><\/div><!--------------------------------- Features Area end --------------------------------->\t\t<\/div>\n\t\t\t\t<\/div>\n\t\t\t\t<div class=\"elementor-element elementor-element-3b594b9 elementor-widget__width-inherit elementor-widget elementor-widget-appkupricing\" data-id=\"3b594b9\" data-element_type=\"widget\" data-widget_type=\"appkupricing.default\">\n\t\t\t\t<div class=\"elementor-widget-container\">\n\t\t\t<!------------------------------- Pricing Area start -------------------------------><div class=\"pricing-area\"><div class=\"container\"><div class=\"row\"><div class=\"col-lg-8 offset-lg-2\"><div class=\"site-heading text-light text-center\"><h2>Optimiza tiempo y procesos con nosotros.<\/h2><div class=\"devider\"><\/div><p>Elige el plan que mejor se adapte a tu empresa. Estamos siempre disponibles para apoyarte.<\/p><\/div><\/div><\/div><\/div><div class=\"container\"><div class=\"pricing-items\"><div class=\"row pricing-carousel owl-carousel owl-theme\" data-slide-show=\"3\" data-lg-slide-show=\"3\" data-md-slide-show=\"3\" data-sm-slide-show=\"1\"><!-- Single Item --><div class=\"single-item\"><div class=\"pricing-item\"><i class=\"fas fa-rocket\"><\/i><div class=\"pricing-header\"><h4>Start Pack Business<\/h4><\/div><div class=\"price\"><h2><sup>Q<\/sup>4,500 <sub>\/ Mensual<\/sub><\/h2><\/div><a  href=\"https:\/\/wa.link\/rzn1b5\" class=\"btn circle btn-theme effect btn-md\">Comprar Plan<\/a><ul><li>12 hrs de consultor\u00eda mensual<\/li><li>Agrega SAFE ODOO + 1,500\/mes<\/li><\/ul><\/div><\/div><!-- End Single Itme --><!-- Single Item --><div class=\"single-item\"><div class=\"pricing-item\"><i class=\"fas fa-gem\"><\/i><div class=\"pricing-header\"><h4>Small Pack Business<\/h4><\/div><div class=\"price\"><h2><sup>Q<\/sup>10,500 <sub>\/ Mensual<\/sub><\/h2><\/div><a  href=\"https:\/\/wa.link\/ied5ae\" class=\"btn circle btn-theme effect btn-md\">Comprar Plan<\/a><ul><li>30 hrs de consultor\u00eda mensual<\/li><li>Agrega SAFE ODOO + 1,500\/mes<\/li><\/ul><\/div><\/div><!-- End Single Itme --><!-- Single Item --><div class=\"single-item\"><div class=\"pricing-item\"><i class=\"fa fa-chart-pie\"><\/i><div class=\"pricing-header\"><h4>Enter Pack Business<\/h4><\/div><div class=\"price\"><h2><sup>Q<\/sup>21,000 <sub>\/ Mensual<\/sub><\/h2><\/div><a  href=\"https:\/\/wa.link\/sa3fb5\" class=\"btn circle btn-theme effect btn-md\">Comprar Plan<\/a><ul><li>60 hrs de consultor\u00eda mensual<\/li><li>Agrega SAFE ODOO + 1,500\/mes<\/li><\/ul><\/div><\/div><!-- End Single Itme --><\/div><\/div><\/div><\/div><!--------------------------------- Pricing Area end --------------------------------->\t\t<\/div>\n\t\t\t\t<\/div>\n\t\t\t\t\t<\/div>\n\t\t<\/div>\n\t\t\t\t\t\t\t<\/div>\n\t\t<\/section>\n\t\t\t\t<section class=\"elementor-section elementor-top-section elementor-element elementor-element-2e5622e elementor-section-full_width elementor-section-stretched elementor-section-height-default elementor-section-height-default\" data-id=\"2e5622e\" data-element_type=\"section\" data-settings=\"{&quot;stretch_section&quot;:&quot;section-stretched&quot;}\">\n\t\t\t\t\t\t\t<div class=\"elementor-background-overlay\"><\/div>\n\t\t\t\t\t\t\t<div class=\"elementor-container elementor-column-gap-custom\">\n\t\t\t\t\t<div class=\"elementor-column elementor-col-100 elementor-top-column elementor-element elementor-element-f72e712\" data-id=\"f72e712\" data-element_type=\"column\">\n\t\t\t<div class=\"elementor-widget-wrap elementor-element-populated\">\n\t\t\t\t\t\t\t\t<div class=\"elementor-element elementor-element-67d919d elementor-widget elementor-widget-heading\" data-id=\"67d919d\" data-element_type=\"widget\" data-widget_type=\"heading.default\">\n\t\t\t\t<div class=\"elementor-widget-container\">\n\t\t\t<style>\/*! elementor - v3.11.1 - 15-02-2023 *\/\n.elementor-heading-title{padding:0;margin:0;line-height:1}.elementor-widget-heading .elementor-heading-title[class*=elementor-size-]>a{color:inherit;font-size:inherit;line-height:inherit}.elementor-widget-heading .elementor-heading-title.elementor-size-small{font-size:15px}.elementor-widget-heading .elementor-heading-title.elementor-size-medium{font-size:19px}.elementor-widget-heading .elementor-heading-title.elementor-size-large{font-size:29px}.elementor-widget-heading .elementor-heading-title.elementor-size-xl{font-size:39px}.elementor-widget-heading .elementor-heading-title.elementor-size-xxl{font-size:59px}<\/style><h2 class=\"elementor-heading-title elementor-size-default\">CONSULTOR\u00cdAS A LA MEDIDA<\/h2>\t\t<\/div>\n\t\t\t\t<\/div>\n\t\t\t\t<div class=\"elementor-element elementor-element-f5f12d0 elementor-widget elementor-widget-heading\" data-id=\"f5f12d0\" data-element_type=\"widget\" data-widget_type=\"heading.default\">\n\t\t\t\t<div class=\"elementor-widget-container\">\n\t\t\t<h1 class=\"elementor-heading-title elementor-size-xxl\">Servicio y soporte integral para empresas<\/h1>\t\t<\/div>\n\t\t\t\t<\/div>\n\t\t\t\t<div class=\"elementor-element elementor-element-c000e72 elementor-align-center elementor-widget elementor-widget-button\" data-id=\"c000e72\" data-element_type=\"widget\" data-widget_type=\"button.default\">\n\t\t\t\t<div class=\"elementor-widget-container\">\n\t\t\t\t\t<div class=\"elementor-button-wrapper\">\n\t\t\t<a href=\"https:\/\/wa.link\/a4jq5h\" class=\"elementor-button-link elementor-button elementor-size-sm\" role=\"button\">\n\t\t\t\t\t\t<span class=\"elementor-button-content-wrapper\">\n\t\t\t\t\t\t<span class=\"elementor-button-text\">SOLICITAR DEMO<\/span>\n\t\t<\/span>\n\t\t\t\t\t<\/a>\n\t\t<\/div>\n\t\t\t\t<\/div>\n\t\t\t\t<\/div>\n\t\t\t\t\t<\/div>\n\t\t<\/div>\n\t\t\t\t\t\t\t<\/div>\n\t\t<\/section>\n\t\t\t\t\t\t\t<\/div>\n\t\t","protected":false},"excerpt":{"rendered":"<p>Una aplicaci\u00f3n para cada necesidad No volver\u00e1s a necesitar otro software u otra integraci\u00f3n distinta a esta. Totalmente personalizable Odoo es totalmente personalizable debido a su arquitectura modular, lo que permite agregar o quitar funcionalidades, personalizar la apariencia y crear m\u00f3dulos personalizados seg\u00fan las necesidades espec\u00edficas de cada empresa. Integraci\u00f3n de aplicaciones Odoo ofrece una&#8230;<\/p>\n","protected":false},"author":2,"featured_media":4730,"parent":0,"menu_order":0,"comment_status":"closed","ping_status":"closed","template":"","meta":{"footnotes":""},"class_list":["post-4480","page","type-page","status-publish","has-post-thumbnail","hentry"],"acf":[],"_links":{"self":[{"href":"http:\/\/wptodoo.azurewebsites.net\/index.php\/wp-json\/wp\/v2\/pages\/4480","targetHints":{"allow":["GET"]}}],"collection":[{"href":"http:\/\/wptodoo.azurewebsites.net\/index.php\/wp-json\/wp\/v2\/pages"}],"about":[{"href":"http:\/\/wptodoo.azurewebsites.net\/index.php\/wp-json\/wp\/v2\/types\/page"}],"author":[{"embeddable":true,"href":"http:\/\/wptodoo.azurewebsites.net\/index.php\/wp-json\/wp\/v2\/users\/2"}],"replies":[{"embeddable":true,"href":"http:\/\/wptodoo.azurewebsites.net\/index.php\/wp-json\/wp\/v2\/comments?post=4480"}],"version-history":[{"count":23,"href":"http:\/\/wptodoo.azurewebsites.net\/index.php\/wp-json\/wp\/v2\/pages\/4480\/revisions"}],"predecessor-version":[{"id":4736,"href":"http:\/\/wptodoo.azurewebsites.net\/index.php\/wp-json\/wp\/v2\/pages\/4480\/revisions\/4736"}],"wp:featuredmedia":[{"embeddable":true,"href":"http:\/\/wptodoo.azurewebsites.net\/index.php\/wp-json\/wp\/v2\/media\/4730"}],"wp:attachment":[{"href":"http:\/\/wptodoo.azurewebsites.net\/index.php\/wp-json\/wp\/v2\/media?parent=4480"}],"curies":[{"name":"wp","href":"https:\/\/api.w.org\/{rel}","templated":true}]}}