{"id":757,"date":"2022-07-13T12:11:58","date_gmt":"2022-07-13T18:11:58","guid":{"rendered":"https:\/\/validthemes.tech\/themeforest\/wordpress\/appku\/?page_id=757"},"modified":"2023-05-19T13:51:17","modified_gmt":"2023-05-19T19:51:17","slug":"quienes-somos","status":"publish","type":"page","link":"http:\/\/wptodoo.azurewebsites.net\/index.php\/quienes-somos\/","title":{"rendered":"\u00bfQui\u00e9nes Somos?"},"content":{"rendered":"\t\t<div data-elementor-type=\"wp-page\" data-elementor-id=\"757\" class=\"elementor elementor-757\">\n\t\t\t\t\t\t\t\t\t<section class=\"elementor-section elementor-top-section elementor-element elementor-element-5a60129 elementor-section-full_width elementor-section-height-default elementor-section-height-default\" data-id=\"5a60129\" data-element_type=\"section\" data-settings=\"{&quot;background_background&quot;:&quot;classic&quot;}\">\n\t\t\t\t\t\t<div class=\"elementor-container elementor-column-gap-no\">\n\t\t\t\t\t<div class=\"elementor-column elementor-col-100 elementor-top-column elementor-element elementor-element-e1e9abe\" data-id=\"e1e9abe\" data-element_type=\"column\">\n\t\t\t<div class=\"elementor-widget-wrap elementor-element-populated\">\n\t\t\t\t\t\t\t\t<div class=\"elementor-element elementor-element-bb240eb elementor-widget elementor-widget-appkuaboutus\" data-id=\"bb240eb\" data-element_type=\"widget\" data-widget_type=\"appkuaboutus.default\">\n\t\t\t\t<div class=\"elementor-widget-container\">\n\t\t\t<div class=\"about-area\"><div class=\"fixed-shape-left\"><img decoding=\"async\" src=\"https:\/\/validthemes.tech\/themeforest\/wordpress\/appku\/wp-content\/uploads\/2022\/07\/9.png\" alt=\"Todoo\"  \/><\/div><div class=\"container\"><div class=\"about-items\"><div class=\"row align-center\"><div class=\"col-lg-6\"><div class=\"thumb\"><img decoding=\"async\" src=\"http:\/\/wptodoo.azurewebsites.net\/wp-content\/uploads\/2023\/03\/inventory_screenshot_02.gif\" alt=\"Todoo\"  class=\"wow fadeInLeft\" data-wow-delay=\"300ms\" \/><\/div><\/div><div class=\"col-lg-6 info wow fadeInRight about-list\"><h4>\u00bfPor qu\u00e9 nosotros?<\/h4><h2>Hacemos de tus\nobjetivos comerciales\nnuestra prioridad<\/h2><ul><li><h5>Experiencia y Conocimiento<\/h5><p>odoo cuenta con un equipo altamente capacitado y experimentado en la implementaci\u00f3n y consultor\u00eda del software de Odoo. Esto significa que pueden ayudar a las empresas a aprovechar al m\u00e1ximo todas las funcionalidades que ofrece la soluci\u00f3n, as\u00ed como personalizarla seg\u00fan las necesidades espec\u00edficas de cada negocio.<\/p><\/li><li><h5>Soporte y Mantenimiento<\/h5><p>Todoo ofrece soporte y mantenimiento continuo para garantizar que la soluci\u00f3n de Odoo funcione de manera \u00f3ptima en todo momento. Esto incluye la resoluci\u00f3n de problemas t\u00e9cnicos, actualizaciones y mejoras, as\u00ed como la formaci\u00f3n y el soporte al usuario final. Con Todoo, las empresas pueden estar seguras de que su soluci\u00f3n de Odoo estar\u00e1 en manos expertas.<\/p><\/li><\/ul><div class=\"button\"><a href=\"https:\/\/wa.link\/t3admb\" class=\"btn circle btn-theme effect btn-md\">Env\u00edanos tus dudas <\/a><\/div><\/div><\/div><\/div><\/div><\/div>\t\t<\/div>\n\t\t\t\t<\/div>\n\t\t\t\t\t<\/div>\n\t\t<\/div>\n\t\t\t\t\t\t\t<\/div>\n\t\t<\/section>\n\t\t\t\t<section class=\"elementor-section elementor-top-section elementor-element elementor-element-aa4f8be elementor-section-boxed elementor-section-height-default elementor-section-height-default\" data-id=\"aa4f8be\" data-element_type=\"section\">\n\t\t\t\t\t\t<div class=\"elementor-container elementor-column-gap-default\">\n\t\t\t\t\t<div class=\"elementor-column elementor-col-50 elementor-top-column elementor-element elementor-element-1a5b93d\" data-id=\"1a5b93d\" data-element_type=\"column\">\n\t\t\t<div class=\"elementor-widget-wrap elementor-element-populated\">\n\t\t\t\t\t\t\t\t<div class=\"elementor-element elementor-element-67e3767 elementor-widget elementor-widget-appkusectiontitle\" data-id=\"67e3767\" data-element_type=\"widget\" data-widget_type=\"appkusectiontitle.default\">\n\t\t\t\t<div class=\"elementor-widget-container\">\n\t\t\t<!-- Section Title --><div class=\"site-heading\" ><h4 class=\"title-selector\">MISI\u00d3N<\/h4><h2 class=\"subtitle-selector\">Soluciones innovadoras <br> y personalizadas<\/h2><p class=\"sec-text\">Brindar soluciones de negocio innovadoras y personalizadas a trav\u00e9s de la implementaci\u00f3n, consultor\u00eda y soporte del software de Odoo para ayudar a las empresas a mejorar su eficiencia y productividad.<\/p><\/div><!-- End Section Title -->\t\t<\/div>\n\t\t\t\t<\/div>\n\t\t\t\t\t<\/div>\n\t\t<\/div>\n\t\t\t\t<div class=\"elementor-column elementor-col-50 elementor-top-column elementor-element elementor-element-7c95a5d\" data-id=\"7c95a5d\" data-element_type=\"column\">\n\t\t\t<div class=\"elementor-widget-wrap elementor-element-populated\">\n\t\t\t\t\t\t\t\t<div class=\"elementor-element elementor-element-9c04fde elementor-widget elementor-widget-appkusectiontitle\" data-id=\"9c04fde\" data-element_type=\"widget\" data-widget_type=\"appkusectiontitle.default\">\n\t\t\t\t<div class=\"elementor-widget-container\">\n\t\t\t<!-- Section Title --><div class=\"site-heading\" ><h4 class=\"title-selector\">VISI\u00d3N<\/h4><h2 class=\"subtitle-selector\">Tus resultados son <br> nuestra principal prioridad<\/h2><p class=\"sec-text\">Ser el l\u00edder en implementaci\u00f3n, consultor\u00eda y soporte del software de Odoo, reconocido por nuestra experiencia, innovaci\u00f3n y compromiso con la satisfacci\u00f3n del cliente.<\/p><\/div><!-- End Section Title -->\t\t<\/div>\n\t\t\t\t<\/div>\n\t\t\t\t\t<\/div>\n\t\t<\/div>\n\t\t\t\t\t\t\t<\/div>\n\t\t<\/section>\n\t\t\t\t<section class=\"elementor-section elementor-top-section elementor-element elementor-element-66d5305 elementor-section-boxed elementor-section-height-default elementor-section-height-default\" data-id=\"66d5305\" data-element_type=\"section\">\n\t\t\t\t\t\t<div class=\"elementor-container elementor-column-gap-default\">\n\t\t\t\t\t<div class=\"elementor-column elementor-col-100 elementor-top-column elementor-element elementor-element-1c0174b\" data-id=\"1c0174b\" data-element_type=\"column\">\n\t\t\t<div class=\"elementor-widget-wrap elementor-element-populated\">\n\t\t\t\t\t\t\t\t<div class=\"elementor-element elementor-element-7003094 elementor-widget elementor-widget-spacer\" data-id=\"7003094\" data-element_type=\"widget\" data-widget_type=\"spacer.default\">\n\t\t\t\t<div class=\"elementor-widget-container\">\n\t\t\t<style>\/*! elementor - v3.11.1 - 15-02-2023 *\/\n.elementor-column .elementor-spacer-inner{height:var(--spacer-size)}.e-con{--container-widget-width:100%}.e-con-inner>.elementor-widget-spacer,.e-con>.elementor-widget-spacer{width:var(--container-widget-width,var(--spacer-size));--align-self:var(--container-widget-align-self,initial);--flex-shrink:0}.e-con-inner>.elementor-widget-spacer>.elementor-widget-container,.e-con-inner>.elementor-widget-spacer>.elementor-widget-container>.elementor-spacer,.e-con>.elementor-widget-spacer>.elementor-widget-container,.e-con>.elementor-widget-spacer>.elementor-widget-container>.elementor-spacer{height:100%}.e-con-inner>.elementor-widget-spacer>.elementor-widget-container>.elementor-spacer>.elementor-spacer-inner,.e-con>.elementor-widget-spacer>.elementor-widget-container>.elementor-spacer>.elementor-spacer-inner{height:var(--container-widget-height,var(--spacer-size))}<\/style>\t\t<div class=\"elementor-spacer\">\n\t\t\t<div class=\"elementor-spacer-inner\"><\/div>\n\t\t<\/div>\n\t\t\t\t<\/div>\n\t\t\t\t<\/div>\n\t\t\t\t<div class=\"elementor-element elementor-element-3123f41 elementor-widget elementor-widget-appkusectiontitle\" data-id=\"3123f41\" data-element_type=\"widget\" data-widget_type=\"appkusectiontitle.default\">\n\t\t\t\t<div class=\"elementor-widget-container\">\n\t\t\t<!-- Section Title --><div class=\"site-heading\" ><h4 class=\"title-selector\">nuestros objetivos<\/h4><h2 class=\"subtitle-selector\">\u00a1Creando valor a largo plazo\ncon inteligencia empresarial! Nuestro objetivo\nprincipal es el crecimiento.<\/h2><div class=\"devider\"><\/div><\/div><!-- End Section Title -->\t\t<\/div>\n\t\t\t\t<\/div>\n\t\t\t\t<div class=\"elementor-element elementor-element-307d4da elementor-widget elementor-widget-text-editor\" data-id=\"307d4da\" data-element_type=\"widget\" data-widget_type=\"text-editor.default\">\n\t\t\t\t<div class=\"elementor-widget-container\">\n\t\t\t<style>\/*! elementor - v3.11.1 - 15-02-2023 *\/\n.elementor-widget-text-editor.elementor-drop-cap-view-stacked .elementor-drop-cap{background-color:#818a91;color:#fff}.elementor-widget-text-editor.elementor-drop-cap-view-framed .elementor-drop-cap{color:#818a91;border:3px solid;background-color:transparent}.elementor-widget-text-editor:not(.elementor-drop-cap-view-default) .elementor-drop-cap{margin-top:8px}.elementor-widget-text-editor:not(.elementor-drop-cap-view-default) .elementor-drop-cap-letter{width:1em;height:1em}.elementor-widget-text-editor .elementor-drop-cap{float:left;text-align:center;line-height:1;font-size:50px}.elementor-widget-text-editor .elementor-drop-cap-letter{display:inline-block}<\/style>\t\t\t\t<ul><li>Proporcionar soluciones personalizadas y adaptadas a las necesidades espec\u00edficas de cada cliente, utilizando las funcionalidades avanzadas de Odoo.<\/li><li>Proporcionar un servicio de consultor\u00eda eficaz y eficiente que ofrezca valor a largo plazo para nuestros clientes.<\/li><li>Brindar un soporte t\u00e9cnico y de mantenimiento proactivo y reactivo para garantizar que las soluciones de Odoo est\u00e9n funcionando al m\u00e1ximo rendimiento.<\/li><li>Ser un socio confiable y de confianza para nuestros clientes en su camino hacia el \u00e9xito empresarial.<\/li><li>Mantenernos actualizados con las \u00faltimas tecnolog\u00edas y tendencias del mercado para garantizar la innovaci\u00f3n y la excelencia en nuestro trabajo.<\/li><\/ul>\t\t\t\t\t\t<\/div>\n\t\t\t\t<\/div>\n\t\t\t\t\t<\/div>\n\t\t<\/div>\n\t\t\t\t\t\t\t<\/div>\n\t\t<\/section>\n\t\t\t\t<section class=\"elementor-section elementor-top-section elementor-element elementor-element-c17827d elementor-section-full_width elementor-section-height-default elementor-section-height-default\" data-id=\"c17827d\" data-element_type=\"section\">\n\t\t\t\t\t\t<div class=\"elementor-container elementor-column-gap-no\">\n\t\t\t\t\t<div class=\"elementor-column elementor-col-100 elementor-top-column elementor-element elementor-element-969db5a\" data-id=\"969db5a\" data-element_type=\"column\">\n\t\t\t<div class=\"elementor-widget-wrap elementor-element-populated\">\n\t\t\t\t\t\t\t\t<div class=\"elementor-element elementor-element-2d80c61 elementor-widget elementor-widget-appkucounterup\" data-id=\"2d80c61\" data-element_type=\"widget\" data-widget_type=\"appkucounterup.default\">\n\t\t\t\t<div class=\"elementor-widget-container\">\n\t\t\t<div class=\"fun-factor-area\"><div class=\"container\"><div class=\"fun-fact-items text-center\"><div class=\"row\"><div class=\"col-lg-3 col-md-6 item\"><div class=\"fun-fact\"><div class=\"timer\" data-to=\"98\" data-speed=\"5000\">98<\/div><span class=\"medium\">PROYECTOS<\/span><\/div><\/div><div class=\"col-lg-3 col-md-6 item\"><div class=\"fun-fact\"><div class=\"timer\" data-to=\"65\" data-speed=\"5000\">65<\/div><span class=\"medium\">PERSONAS<\/span><\/div><\/div><div class=\"col-lg-3 col-md-6 item\"><div class=\"fun-fact\"><div class=\"timer\" data-to=\"10\" data-speed=\"5000\">10<\/div><span class=\"medium\">A\u00d1OS<\/span><\/div><\/div><div class=\"col-lg-3 col-md-6 item\"><div class=\"fun-fact\"><div class=\"timer\" data-to=\"500\" data-speed=\"5000\">500<\/div><span class=\"medium\">CLIENTES SATISFECHOS<\/span><\/div><\/div><\/div><\/div><\/div><\/div>\t\t<\/div>\n\t\t\t\t<\/div>\n\t\t\t\t\t<\/div>\n\t\t<\/div>\n\t\t\t\t\t\t\t<\/div>\n\t\t<\/section>\n\t\t\t\t\t\t\t<\/div>\n\t\t","protected":false},"excerpt":{"rendered":"<p>\u00bfPor qu\u00e9 nosotros? Hacemos de tus objetivos comerciales nuestra prioridad Experiencia y Conocimiento odoo cuenta con un equipo altamente capacitado y experimentado en la implementaci\u00f3n y consultor\u00eda del software de Odoo. Esto significa que pueden ayudar a las empresas a aprovechar al m\u00e1ximo todas las funcionalidades que ofrece la soluci\u00f3n, as\u00ed como personalizarla seg\u00fan las&#8230;<\/p>\n","protected":false},"author":2,"featured_media":4732,"parent":0,"menu_order":0,"comment_status":"closed","ping_status":"closed","template":"template-builder.php","meta":{"footnotes":""},"class_list":["post-757","page","type-page","status-publish","has-post-thumbnail","hentry"],"acf":[],"_links":{"self":[{"href":"http:\/\/wptodoo.azurewebsites.net\/index.php\/wp-json\/wp\/v2\/pages\/757","targetHints":{"allow":["GET"]}}],"collection":[{"href":"http:\/\/wptodoo.azurewebsites.net\/index.php\/wp-json\/wp\/v2\/pages"}],"about":[{"href":"http:\/\/wptodoo.azurewebsites.net\/index.php\/wp-json\/wp\/v2\/types\/page"}],"author":[{"embeddable":true,"href":"http:\/\/wptodoo.azurewebsites.net\/index.php\/wp-json\/wp\/v2\/users\/2"}],"replies":[{"embeddable":true,"href":"http:\/\/wptodoo.azurewebsites.net\/index.php\/wp-json\/wp\/v2\/comments?post=757"}],"version-history":[{"count":12,"href":"http:\/\/wptodoo.azurewebsites.net\/index.php\/wp-json\/wp\/v2\/pages\/757\/revisions"}],"predecessor-version":[{"id":4733,"href":"http:\/\/wptodoo.azurewebsites.net\/index.php\/wp-json\/wp\/v2\/pages\/757\/revisions\/4733"}],"wp:featuredmedia":[{"embeddable":true,"href":"http:\/\/wptodoo.azurewebsites.net\/index.php\/wp-json\/wp\/v2\/media\/4732"}],"wp:attachment":[{"href":"http:\/\/wptodoo.azurewebsites.net\/index.php\/wp-json\/wp\/v2\/media?parent=757"}],"curies":[{"name":"wp","href":"https:\/\/api.w.org\/{rel}","templated":true}]}}