{"id":949,"date":"2022-07-14T09:21:10","date_gmt":"2022-07-14T15:21:10","guid":{"rendered":"https:\/\/validthemes.tech\/themeforest\/wordpress\/appku\/?page_id=949"},"modified":"2023-05-19T13:44:51","modified_gmt":"2023-05-19T19:44:51","slug":"nuestros-servicios","status":"publish","type":"page","link":"http:\/\/wptodoo.azurewebsites.net\/index.php\/nuestros-servicios\/","title":{"rendered":"Nuestros Servicios"},"content":{"rendered":"\t\t<div data-elementor-type=\"wp-page\" data-elementor-id=\"949\" class=\"elementor elementor-949\">\n\t\t\t\t\t\t\t\t\t<section class=\"elementor-section elementor-top-section elementor-element elementor-element-4fda5c6 elementor-section-full_width elementor-hidden-desktop elementor-section-height-default elementor-section-height-default\" data-id=\"4fda5c6\" data-element_type=\"section\" data-settings=\"{&quot;background_background&quot;:&quot;classic&quot;}\">\n\t\t\t\t\t\t<div class=\"elementor-container elementor-column-gap-no\">\n\t\t\t\t\t<div class=\"elementor-column elementor-col-100 elementor-top-column elementor-element elementor-element-18848eb\" data-id=\"18848eb\" data-element_type=\"column\" data-settings=\"{&quot;background_background&quot;:&quot;classic&quot;}\">\n\t\t\t<div class=\"elementor-widget-wrap elementor-element-populated\">\n\t\t\t\t\t<div class=\"elementor-background-overlay\"><\/div>\n\t\t\t\t\t\t\t\t<section class=\"elementor-section elementor-inner-section elementor-element elementor-element-916377d elementor-section-boxed elementor-section-height-default elementor-section-height-default\" data-id=\"916377d\" data-element_type=\"section\">\n\t\t\t\t\t\t<div class=\"elementor-container elementor-column-gap-no\">\n\t\t\t\t\t<div class=\"elementor-column elementor-col-25 elementor-inner-column elementor-element elementor-element-57e6e5a\" data-id=\"57e6e5a\" data-element_type=\"column\" data-settings=\"{&quot;background_background&quot;:&quot;classic&quot;}\">\n\t\t\t<div class=\"elementor-widget-wrap elementor-element-populated\">\n\t\t\t\t\t<div class=\"elementor-background-overlay\"><\/div>\n\t\t\t\t\t\t\t\t<div class=\"elementor-element elementor-element-d98bedc elementor-widget elementor-widget-appkufeatures\" data-id=\"d98bedc\" data-element_type=\"widget\" data-widget_type=\"appkufeatures.default\">\n\t\t\t\t<div class=\"elementor-widget-container\">\n\t\t\t<!------------------------------- Features Area start -------------------------------><div class=\"our-features-area\"><div class=\"feature-items\"><div class=\"single-item\"><div class=\"item\"><div class=\"icon\"><i class=\"flaticon-website\"><\/i><\/div><div class=\"info\"><h4><a href=\"https:\/\/validthemes.tech\/themeforest\/wordpress\/appku\/strong-encryption\/\">Fully Customizable<\/a><\/h4><p>Passage weather as up am exposed. And natural related man subject eagerness it. concluded consisted or no gentleman.<\/p><\/div><\/div><\/div><\/div><\/div><!--------------------------------- Features Area end --------------------------------->\t\t<\/div>\n\t\t\t\t<\/div>\n\t\t\t\t\t<\/div>\n\t\t<\/div>\n\t\t\t\t<div class=\"elementor-column elementor-col-25 elementor-inner-column elementor-element elementor-element-7de042b\" data-id=\"7de042b\" data-element_type=\"column\">\n\t\t\t<div class=\"elementor-widget-wrap elementor-element-populated\">\n\t\t\t\t\t\t\t\t<div class=\"elementor-element elementor-element-9ce19b9 elementor-widget elementor-widget-appkufeatures\" data-id=\"9ce19b9\" data-element_type=\"widget\" data-widget_type=\"appkufeatures.default\">\n\t\t\t\t<div class=\"elementor-widget-container\">\n\t\t\t<!------------------------------- Features Area start -------------------------------><div class=\"our-features-area\"><div class=\"feature-items\"><div class=\"single-item\"><div class=\"item\"><div class=\"icon\"><i class=\"flaticon-integration\"><\/i><\/div><div class=\"info\"><h4><a href=\"https:\/\/validthemes.tech\/themeforest\/wordpress\/appku\/strong-encryption\/\">App Integration<\/a><\/h4><p>Passage weather as up am exposed. And natural related man subject eagerness it. concluded consisted or no gentleman.<\/p><\/div><\/div><\/div><\/div><\/div><!--------------------------------- Features Area end --------------------------------->\t\t<\/div>\n\t\t\t\t<\/div>\n\t\t\t\t\t<\/div>\n\t\t<\/div>\n\t\t\t\t<div class=\"elementor-column elementor-col-25 elementor-inner-column elementor-element elementor-element-40da54e elementor-hidden-desktop elementor-hidden-mobile\" data-id=\"40da54e\" data-element_type=\"column\">\n\t\t\t<div class=\"elementor-widget-wrap elementor-element-populated\">\n\t\t\t\t\t\t\t\t<div class=\"elementor-element elementor-element-ec51502 elementor-widget elementor-widget-appkufeatures\" data-id=\"ec51502\" data-element_type=\"widget\" data-widget_type=\"appkufeatures.default\">\n\t\t\t\t<div class=\"elementor-widget-container\">\n\t\t\t<!------------------------------- Features Area start -------------------------------><div class=\"our-features-area\"><div class=\"feature-items\"><div class=\"single-item\"><div class=\"item\"><div class=\"icon\"><i class=\"flaticon-resolution-1\"><\/i><\/div><div class=\"info\"><h4><a href=\"https:\/\/validthemes.tech\/themeforest\/wordpress\/appku\/strong-encryption\/\">High Resolution<\/a><\/h4><p>Passage weather as up am exposed. And natural related man subject eagerness it. concluded consisted or no gentleman.<\/p><\/div><\/div><\/div><\/div><\/div><!--------------------------------- Features Area end --------------------------------->\t\t<\/div>\n\t\t\t\t<\/div>\n\t\t\t\t\t<\/div>\n\t\t<\/div>\n\t\t\t\t<div class=\"elementor-column elementor-col-25 elementor-inner-column elementor-element elementor-element-1494b79\" data-id=\"1494b79\" data-element_type=\"column\">\n\t\t\t<div class=\"elementor-widget-wrap elementor-element-populated\">\n\t\t\t\t\t\t\t\t<div class=\"elementor-element elementor-element-b17d914 elementor-widget elementor-widget-appkufeatures\" data-id=\"b17d914\" data-element_type=\"widget\" data-widget_type=\"appkufeatures.default\">\n\t\t\t\t<div class=\"elementor-widget-container\">\n\t\t\t<!------------------------------- Features Area start -------------------------------><div class=\"our-features-area\"><div class=\"feature-items\"><div class=\"single-item\"><div class=\"item\"><div class=\"icon\"><i class=\"flaticon-rgb-1\"><\/i><\/div><div class=\"info\"><h4><a href=\"https:\/\/validthemes.tech\/themeforest\/wordpress\/appku\/strong-encryption\/\">Color Schemes<\/a><\/h4><p>Passage weather as up am exposed. And natural related man subject eagerness it. concluded consisted or no gentleman.<\/p><\/div><\/div><\/div><\/div><\/div><!--------------------------------- Features Area end --------------------------------->\t\t<\/div>\n\t\t\t\t<\/div>\n\t\t\t\t\t<\/div>\n\t\t<\/div>\n\t\t\t\t\t\t\t<\/div>\n\t\t<\/section>\n\t\t\t\t<section class=\"elementor-section elementor-inner-section elementor-element elementor-element-a9fbe28 elementor-section-boxed elementor-section-height-default elementor-section-height-default\" data-id=\"a9fbe28\" data-element_type=\"section\">\n\t\t\t\t\t\t<div class=\"elementor-container elementor-column-gap-no\">\n\t\t\t\t\t<div class=\"elementor-column elementor-col-33 elementor-inner-column elementor-element elementor-element-d52dc74\" data-id=\"d52dc74\" data-element_type=\"column\">\n\t\t\t<div class=\"elementor-widget-wrap elementor-element-populated\">\n\t\t\t\t\t\t\t\t<div class=\"elementor-element elementor-element-6c50e38 elementor-widget elementor-widget-appkufeatures\" data-id=\"6c50e38\" data-element_type=\"widget\" data-widget_type=\"appkufeatures.default\">\n\t\t\t\t<div class=\"elementor-widget-container\">\n\t\t\t<!------------------------------- Features Area start -------------------------------><div class=\"our-features-area\"><div class=\"feature-items\"><div class=\"single-item\"><div class=\"item\"><div class=\"icon\"><i class=\"flaticon-showcase\"><\/i><\/div><div class=\"info\"><h4><a href=\"https:\/\/validthemes.tech\/themeforest\/wordpress\/appku\/strong-encryption\/\">Perfect Showcase<\/a><\/h4><p>Passage weather as up am exposed. And natural related man subject eagerness it. concluded consisted or no gentleman.<\/p><\/div><\/div><\/div><\/div><\/div><!--------------------------------- Features Area end --------------------------------->\t\t<\/div>\n\t\t\t\t<\/div>\n\t\t\t\t\t<\/div>\n\t\t<\/div>\n\t\t\t\t<div class=\"elementor-column elementor-col-33 elementor-inner-column elementor-element elementor-element-3bcab6f\" data-id=\"3bcab6f\" data-element_type=\"column\">\n\t\t\t<div class=\"elementor-widget-wrap elementor-element-populated\">\n\t\t\t\t\t\t\t\t<div class=\"elementor-element elementor-element-fa9da1b elementor-widget elementor-widget-appkufeatures\" data-id=\"fa9da1b\" data-element_type=\"widget\" data-widget_type=\"appkufeatures.default\">\n\t\t\t\t<div class=\"elementor-widget-container\">\n\t\t\t<!------------------------------- Features Area start -------------------------------><div class=\"our-features-area\"><div class=\"feature-items\"><div class=\"single-item\"><div class=\"item\"><div class=\"icon\"><i class=\"flaticon-drag\"><\/i><\/div><div class=\"info\"><h4><a href=\"https:\/\/validthemes.tech\/themeforest\/wordpress\/appku\/strong-encryption\/\">Drag And Drop<\/a><\/h4><p>Passage weather as up am exposed. And natural related man subject eagerness it. concluded consisted or no gentleman.<\/p><\/div><\/div><\/div><\/div><\/div><!--------------------------------- Features Area end --------------------------------->\t\t<\/div>\n\t\t\t\t<\/div>\n\t\t\t\t\t<\/div>\n\t\t<\/div>\n\t\t\t\t<div class=\"elementor-column elementor-col-33 elementor-inner-column elementor-element elementor-element-39ec47e elementor-hidden-tablet\" data-id=\"39ec47e\" data-element_type=\"column\">\n\t\t\t<div class=\"elementor-widget-wrap elementor-element-populated\">\n\t\t\t\t\t\t\t\t<div class=\"elementor-element elementor-element-e0d5041 elementor-widget elementor-widget-appkufeatures\" data-id=\"e0d5041\" data-element_type=\"widget\" data-widget_type=\"appkufeatures.default\">\n\t\t\t\t<div class=\"elementor-widget-container\">\n\t\t\t<!------------------------------- Features Area start -------------------------------><div class=\"our-features-area\"><div class=\"feature-items\"><div class=\"single-item\"><div class=\"item\"><div class=\"icon\"><i class=\"flaticon-showcase\"><\/i><\/div><div class=\"info\"><h4><a href=\"https:\/\/validthemes.tech\/themeforest\/wordpress\/appku\/strong-encryption\/\">Perfect Showcase<\/a><\/h4><p>Passage weather as up am exposed. And natural related man subject eagerness it. concluded consisted or no gentleman.<\/p><\/div><\/div><\/div><\/div><\/div><!--------------------------------- Features Area end --------------------------------->\t\t<\/div>\n\t\t\t\t<\/div>\n\t\t\t\t\t<\/div>\n\t\t<\/div>\n\t\t\t\t\t\t\t<\/div>\n\t\t<\/section>\n\t\t\t\t\t<\/div>\n\t\t<\/div>\n\t\t\t\t\t\t\t<\/div>\n\t\t<\/section>\n\t\t\t\t<section class=\"elementor-section elementor-top-section elementor-element elementor-element-c1d62db elementor-section-boxed elementor-section-height-default elementor-section-height-default\" data-id=\"c1d62db\" data-element_type=\"section\">\n\t\t\t\t\t\t<div class=\"elementor-container elementor-column-gap-custom\">\n\t\t\t\t\t<div class=\"elementor-column elementor-col-100 elementor-top-column elementor-element elementor-element-046dd8b\" data-id=\"046dd8b\" data-element_type=\"column\">\n\t\t\t<div class=\"elementor-widget-wrap elementor-element-populated\">\n\t\t\t\t\t\t\t\t<section class=\"elementor-section elementor-inner-section elementor-element elementor-element-2386fd5 elementor-section-boxed elementor-section-height-default elementor-section-height-default\" data-id=\"2386fd5\" data-element_type=\"section\">\n\t\t\t\t\t\t<div class=\"elementor-container elementor-column-gap-no\">\n\t\t\t\t\t<div class=\"elementor-column elementor-col-33 elementor-inner-column elementor-element elementor-element-65dfbc4\" data-id=\"65dfbc4\" data-element_type=\"column\" data-settings=\"{&quot;background_background&quot;:&quot;classic&quot;}\">\n\t\t\t<div class=\"elementor-widget-wrap elementor-element-populated\">\n\t\t\t\t\t<div class=\"elementor-background-overlay\"><\/div>\n\t\t\t\t\t\t\t\t<div class=\"elementor-element elementor-element-9cfd8f0 elementor-widget elementor-widget-appkufeatures\" data-id=\"9cfd8f0\" data-element_type=\"widget\" data-widget_type=\"appkufeatures.default\">\n\t\t\t\t<div class=\"elementor-widget-container\">\n\t\t\t<!------------------------------- Features Area start -------------------------------><div class=\"our-features-area elementor-animation-shrink\"><div class=\"feature-items\"><div class=\"single-item\"><div class=\"item\"><div class=\"icon\"><i class=\"flaticon-website\"><\/i><\/div><div class=\"info\"><h4><a href=\"https:\/\/wa.link\/8pjxdf\">Implementaci\u00f3n<\/a><\/h4><p>El software m\u00e1s potente<\/p><\/div><\/div><\/div><\/div><\/div><!--------------------------------- Features Area end --------------------------------->\t\t<\/div>\n\t\t\t\t<\/div>\n\t\t\t\t\t<\/div>\n\t\t<\/div>\n\t\t\t\t<div class=\"elementor-column elementor-col-33 elementor-inner-column elementor-element elementor-element-a826ea1\" data-id=\"a826ea1\" data-element_type=\"column\">\n\t\t\t<div class=\"elementor-widget-wrap elementor-element-populated\">\n\t\t\t\t\t\t\t\t<div class=\"elementor-element elementor-element-4c4ba4f elementor-widget elementor-widget-appkufeatures\" data-id=\"4c4ba4f\" data-element_type=\"widget\" data-widget_type=\"appkufeatures.default\">\n\t\t\t\t<div class=\"elementor-widget-container\">\n\t\t\t<!------------------------------- Features Area start -------------------------------><div class=\"our-features-area elementor-animation-shrink\"><div class=\"feature-items\"><div class=\"single-item\"><div class=\"item\"><div class=\"icon\"><i class=\"flaticon-integration\"><\/i><\/div><div class=\"info\"><h4><a href=\"http:\/\/wptodoo.azurewebsites.net\/index.php\/soporte\/\">Soporte<\/a><\/h4><p>Para todas tus dudas<\/p><\/div><\/div><\/div><\/div><\/div><!--------------------------------- Features Area end --------------------------------->\t\t<\/div>\n\t\t\t\t<\/div>\n\t\t\t\t\t<\/div>\n\t\t<\/div>\n\t\t\t\t<div class=\"elementor-column elementor-col-33 elementor-inner-column elementor-element elementor-element-f4f629f\" data-id=\"f4f629f\" data-element_type=\"column\">\n\t\t\t<div class=\"elementor-widget-wrap elementor-element-populated\">\n\t\t\t\t\t\t\t\t<div class=\"elementor-element elementor-element-288b12d elementor-widget elementor-widget-appkufeatures\" data-id=\"288b12d\" data-element_type=\"widget\" data-widget_type=\"appkufeatures.default\">\n\t\t\t\t<div class=\"elementor-widget-container\">\n\t\t\t<!------------------------------- Features Area start -------------------------------><div class=\"our-features-area elementor-animation-shrink\"><div class=\"feature-items\"><div class=\"single-item\"><div class=\"item\"><div class=\"icon\"><i class=\"flaticon-rgb-1\"><\/i><\/div><div class=\"info\"><h4><a href=\"http:\/\/wptodoo.azurewebsites.net\/index.php\/consultorias\/\">Consultor\u00edas<\/a><\/h4><p>Estrategias financieras<\/p><\/div><\/div><\/div><\/div><\/div><!--------------------------------- Features Area end --------------------------------->\t\t<\/div>\n\t\t\t\t<\/div>\n\t\t\t\t\t<\/div>\n\t\t<\/div>\n\t\t\t\t\t\t\t<\/div>\n\t\t<\/section>\n\t\t\t\t\t<\/div>\n\t\t<\/div>\n\t\t\t\t\t\t\t<\/div>\n\t\t<\/section>\n\t\t\t\t<section class=\"elementor-section elementor-top-section elementor-element elementor-element-13eee27 elementor-section-full_width elementor-section-height-default elementor-section-height-default\" data-id=\"13eee27\" data-element_type=\"section\" data-settings=\"{&quot;background_background&quot;:&quot;classic&quot;}\">\n\t\t\t\t\t\t<div class=\"elementor-container elementor-column-gap-no\">\n\t\t\t\t\t<div class=\"elementor-column elementor-col-100 elementor-top-column elementor-element elementor-element-e955df5\" data-id=\"e955df5\" data-element_type=\"column\">\n\t\t\t<div class=\"elementor-widget-wrap elementor-element-populated\">\n\t\t\t\t\t\t\t\t<div class=\"elementor-element elementor-element-e80dd4a elementor-widget elementor-widget-appkuworkingprocess\" data-id=\"e80dd4a\" data-element_type=\"widget\" data-widget_type=\"appkuworkingprocess.default\">\n\t\t\t\t<div class=\"elementor-widget-container\">\n\t\t\t<!------------------------------- Working Process Area start -------------------------------><div class=\"process-area\"><div class=\"container\"><div class=\"row align-center\"><div class=\"featured-image-style col-lg-6 thumb\"><img decoding=\"async\" src=\"https:\/\/validthemes.tech\/themeforest\/wordpress\/appku\/wp-content\/uploads\/2022\/07\/7.png\" alt=\"Todoo\"  \/><\/div><div class=\"col-lg-6 info ml-auto\"><h2>Lo m\u00e1s probable es que est\u00e9 obteniendo el mejor software de la historia<\/h2><ul><li class=\"featured-image-style2\"><div class=\"icon\"><i class=\"fas fa-cloud-download\"><\/i><\/div><div class=\"content wow fadeInUp\" data-wow-delay=\"300ms\"><h4>Flexibilidad <\/h4><p>Odoo es muy flexible y escalable, lo que permite a las empresas adaptar la soluci\u00f3n a sus necesidades espec\u00edficas de negocio. Adem\u00e1s, permite la creaci\u00f3n de m\u00f3dulos personalizados para satisfacer necesidades m\u00e1s espec\u00edficas.<\/p><\/div><\/li><li class=\"featured-image-style2\"><div class=\"icon\"><i class=\"fas fa-fingerprint\"><\/i><\/div><div class=\"content wow fadeInUp\" data-wow-delay=\"500ms\"><h4>Comunidad activa <\/h4><p>Odoo cuenta con una gran comunidad de desarrolladores y usuarios que contribuyen al desarrollo y mantenimiento de la soluci\u00f3n. Esta comunidad activa asegura una actualizaci\u00f3n constante del software, as\u00ed como una amplia selecci\u00f3n de aplicaciones de terceros disponibles en su marketplace.<\/p><\/div><\/li><li class=\"featured-image-style2\"><div class=\"icon\"><i class=\"fas fa-database\"><\/i><\/div><div class=\"content wow fadeInUp\" data-wow-delay=\"700ms\"><h4>M\u00f3vil y en la nube <\/h4><p>Odoo es accesible desde cualquier lugar y en cualquier dispositivo. Con su versi\u00f3n m\u00f3vil, los usuarios pueden acceder a la soluci\u00f3n en tiempo real desde su tel\u00e9fono o tableta. Adem\u00e1s, Odoo ofrece opciones de hosting en la nube, lo que hace que la implementaci\u00f3n y mantenimiento sean m\u00e1s sencillos para las empresas.<\/p><\/div><\/li><\/ul><\/div><\/div><\/div><\/div><!--------------------------------- Working Process Area end --------------------------------->\t\t<\/div>\n\t\t\t\t<\/div>\n\t\t\t\t\t<\/div>\n\t\t<\/div>\n\t\t\t\t\t\t\t<\/div>\n\t\t<\/section>\n\t\t\t\t<section class=\"elementor-section elementor-top-section elementor-element elementor-element-99a8b26 elementor-section-boxed elementor-section-height-default elementor-section-height-default\" data-id=\"99a8b26\" data-element_type=\"section\">\n\t\t\t\t\t\t<div class=\"elementor-container elementor-column-gap-custom\">\n\t\t\t\t\t<div class=\"elementor-column elementor-col-100 elementor-top-column elementor-element elementor-element-a03bef5\" data-id=\"a03bef5\" data-element_type=\"column\">\n\t\t\t<div class=\"elementor-widget-wrap elementor-element-populated\">\n\t\t\t\t\t\t\t\t<div class=\"elementor-element elementor-element-9ead005 elementor-widget elementor-widget-appkufeatures\" data-id=\"9ead005\" data-element_type=\"widget\" data-widget_type=\"appkufeatures.default\">\n\t\t\t\t<div class=\"elementor-widget-container\">\n\t\t\t<!------------------------------- Features Area start -------------------------------><div class=\"advanced-features-area\"><div class=\"container\"><div class=\"row\"><div class=\"col-lg-8 offset-lg-2\"><div class=\"site-heading text-light text-center\"><h2>Una aplicaci\u00f3n para cada necesidad<\/h2><div class=\"devider\"><\/div><p>No volver\u00e1s a necesitar otro software u otra integraci\u00f3n distinta a esta.<\/p><\/div><\/div><\/div><\/div><div class=\"container-fill\"><div class=\"af-items\"><div class=\"row\"><div class=\"single-item col-lg-4 col-md-6\"><div class=\"item\"><div class=\"icon\"><i class=\"flaticon-website\"><\/i><\/div><div class=\"info\"><h4>Totalmente personalizable<\/h4><p>Odoo es totalmente personalizable debido a su arquitectura modular, lo que permite agregar o quitar funcionalidades, personalizar la apariencia y crear m\u00f3dulos personalizados seg\u00fan las necesidades espec\u00edficas de cada empresa.<\/p><\/div><\/div><\/div><div class=\"single-item col-lg-4 col-md-6\"><div class=\"item\"><div class=\"icon\"><i class=\"flaticon-integration\"><\/i><\/div><div class=\"info\"><h4><a href=\"https:\/\/validthemes.tech\/themeforest\/wordpress\/appku\/strong-encryption\/\">Integraci\u00f3n de aplicaciones<\/a><\/h4><p>Odoo ofrece una amplia gama de integraciones que permiten a las empresas conectar su soluci\u00f3n de gesti\u00f3n empresarial con otras aplicaciones y servicios, como la facturaci\u00f3n electr\u00f3nica, la gesti\u00f3n de proyectos, la log\u00edstica y el marketing. <\/p><\/div><\/div><\/div><div class=\"single-item col-lg-4 col-md-6\"><div class=\"item\"><div class=\"icon\"><i class=\"flaticon-resolution-1\"><\/i><\/div><div class=\"info\"><h4><a href=\"https:\/\/validthemes.tech\/themeforest\/wordpress\/appku\/strong-encryption\/\">Experiencia de usuario<\/a><\/h4><p>Odoo ofrece una interfaz de usuario intuitiva con dise\u00f1o moderno y herramientas de personalizaci\u00f3n para una experiencia de usuario eficiente y productiva al navegar, acceder, visualizar y analizar informaci\u00f3n empresarial en tiempo real en sus diferentes aplicaciones.<\/p><\/div><\/div><\/div><\/div><\/div><\/div><\/div><!--------------------------------- Features Area end --------------------------------->\t\t<\/div>\n\t\t\t\t<\/div>\n\t\t\t\t\t<\/div>\n\t\t<\/div>\n\t\t\t\t\t\t\t<\/div>\n\t\t<\/section>\n\t\t\t\t<section class=\"elementor-section elementor-top-section elementor-element elementor-element-901519d elementor-section-boxed elementor-section-height-default elementor-section-height-default\" data-id=\"901519d\" data-element_type=\"section\">\n\t\t\t\t\t\t\t<div class=\"elementor-background-overlay\"><\/div>\n\t\t\t\t\t\t\t<div class=\"elementor-container elementor-column-gap-custom\">\n\t\t\t\t\t<div class=\"elementor-column elementor-col-100 elementor-top-column elementor-element elementor-element-2cdfa18\" data-id=\"2cdfa18\" data-element_type=\"column\">\n\t\t\t<div class=\"elementor-widget-wrap elementor-element-populated\">\n\t\t\t\t\t\t\t\t<div class=\"elementor-element elementor-element-8c99c76 elementor-widget elementor-widget-heading\" data-id=\"8c99c76\" data-element_type=\"widget\" data-widget_type=\"heading.default\">\n\t\t\t\t<div class=\"elementor-widget-container\">\n\t\t\t<style>\/*! elementor - v3.11.1 - 15-02-2023 *\/\n.elementor-heading-title{padding:0;margin:0;line-height:1}.elementor-widget-heading .elementor-heading-title[class*=elementor-size-]>a{color:inherit;font-size:inherit;line-height:inherit}.elementor-widget-heading .elementor-heading-title.elementor-size-small{font-size:15px}.elementor-widget-heading .elementor-heading-title.elementor-size-medium{font-size:19px}.elementor-widget-heading .elementor-heading-title.elementor-size-large{font-size:29px}.elementor-widget-heading .elementor-heading-title.elementor-size-xl{font-size:39px}.elementor-widget-heading .elementor-heading-title.elementor-size-xxl{font-size:59px}<\/style><h2 class=\"elementor-heading-title elementor-size-default\">CONSULTOR\u00cdAS A LA MEDIDA<\/h2>\t\t<\/div>\n\t\t\t\t<\/div>\n\t\t\t\t<div class=\"elementor-element elementor-element-a573e00 elementor-widget elementor-widget-heading\" data-id=\"a573e00\" data-element_type=\"widget\" data-widget_type=\"heading.default\">\n\t\t\t\t<div class=\"elementor-widget-container\">\n\t\t\t<h1 class=\"elementor-heading-title elementor-size-xxl\">Servicio y soporte integral para empresas<\/h1>\t\t<\/div>\n\t\t\t\t<\/div>\n\t\t\t\t<div class=\"elementor-element elementor-element-f002ffb elementor-align-center elementor-widget elementor-widget-button\" data-id=\"f002ffb\" data-element_type=\"widget\" data-widget_type=\"button.default\">\n\t\t\t\t<div class=\"elementor-widget-container\">\n\t\t\t\t\t<div class=\"elementor-button-wrapper\">\n\t\t\t<a href=\"https:\/\/wa.link\/a4jq5h\" class=\"elementor-button-link elementor-button elementor-size-sm\" role=\"button\">\n\t\t\t\t\t\t<span class=\"elementor-button-content-wrapper\">\n\t\t\t\t\t\t<span class=\"elementor-button-text\">SOLICITAR DEMO<\/span>\n\t\t<\/span>\n\t\t\t\t\t<\/a>\n\t\t<\/div>\n\t\t\t\t<\/div>\n\t\t\t\t<\/div>\n\t\t\t\t\t<\/div>\n\t\t<\/div>\n\t\t\t\t\t\t\t<\/div>\n\t\t<\/section>\n\t\t\t\t\t\t\t<\/div>\n\t\t","protected":false},"excerpt":{"rendered":"<p>Fully Customizable Passage weather as up am exposed. And natural related man subject eagerness it. concluded consisted or no gentleman. App Integration Passage weather as up am exposed. And natural related man subject eagerness it. concluded consisted or no gentleman. High Resolution Passage weather as up am exposed. And natural related man subject eagerness it&#8230;.<\/p>\n","protected":false},"author":1,"featured_media":4571,"parent":0,"menu_order":0,"comment_status":"closed","ping_status":"closed","template":"template-builder.php","meta":{"footnotes":""},"class_list":["post-949","page","type-page","status-publish","has-post-thumbnail","hentry"],"acf":[],"_links":{"self":[{"href":"http:\/\/wptodoo.azurewebsites.net\/index.php\/wp-json\/wp\/v2\/pages\/949","targetHints":{"allow":["GET"]}}],"collection":[{"href":"http:\/\/wptodoo.azurewebsites.net\/index.php\/wp-json\/wp\/v2\/pages"}],"about":[{"href":"http:\/\/wptodoo.azurewebsites.net\/index.php\/wp-json\/wp\/v2\/types\/page"}],"author":[{"embeddable":true,"href":"http:\/\/wptodoo.azurewebsites.net\/index.php\/wp-json\/wp\/v2\/users\/1"}],"replies":[{"embeddable":true,"href":"http:\/\/wptodoo.azurewebsites.net\/index.php\/wp-json\/wp\/v2\/comments?post=949"}],"version-history":[{"count":27,"href":"http:\/\/wptodoo.azurewebsites.net\/index.php\/wp-json\/wp\/v2\/pages\/949\/revisions"}],"predecessor-version":[{"id":4738,"href":"http:\/\/wptodoo.azurewebsites.net\/index.php\/wp-json\/wp\/v2\/pages\/949\/revisions\/4738"}],"wp:featuredmedia":[{"embeddable":true,"href":"http:\/\/wptodoo.azurewebsites.net\/index.php\/wp-json\/wp\/v2\/media\/4571"}],"wp:attachment":[{"href":"http:\/\/wptodoo.azurewebsites.net\/index.php\/wp-json\/wp\/v2\/media?parent=949"}],"curies":[{"name":"wp","href":"https:\/\/api.w.org\/{rel}","templated":true}]}}